{"id":13,"date":"2017-09-16T20:22:28","date_gmt":"2017-09-16T18:22:28","guid":{"rendered":"http:\/\/editions-butterfly-jeunesse.fr\/?page_id=13"},"modified":"2018-05-23T21:07:17","modified_gmt":"2018-05-23T19:07:17","slug":"acceuil-2","status":"publish","type":"page","link":"https:\/\/editions-butterfly-jeunesse.fr\/?page_id=13","title":{"rendered":"Acceuil"},"content":{"rendered":"<p style=\"text-align: center;\">Toute l&rsquo;\u00e9quipe de Butterfly Editions est tr\u00e8s heureuse de d\u00e9marrer une nouvelle aventure pour privil\u00e9gier le public jeunesse.<\/p>\n<p style=\"text-align: center;\">Amis auteurs, vous pouvez d\u00e9poser vos manuscrits !<\/p>\n","protected":false},"excerpt":{"rendered":"<p>Toute l&rsquo;\u00e9quipe de Butterfly Editions est tr\u00e8s heureuse de d\u00e9marrer une nouvelle aventure pour privil\u00e9gier le public jeunesse. Amis auteurs, vous pouvez d\u00e9poser vos manuscrits !<\/p>\n","protected":false},"author":1,"featured_media":0,"parent":0,"menu_order":0,"comment_status":"closed","ping_status":"closed","template":"","meta":{"footnotes":""},"class_list":["post-13","page","type-page","status-publish","hentry"],"_links":{"self":[{"href":"https:\/\/editions-butterfly-jeunesse.fr\/index.php?rest_route=\/wp\/v2\/pages\/13","targetHints":{"allow":["GET"]}}],"collection":[{"href":"https:\/\/editions-butterfly-jeunesse.fr\/index.php?rest_route=\/wp\/v2\/pages"}],"about":[{"href":"https:\/\/editions-butterfly-jeunesse.fr\/index.php?rest_route=\/wp\/v2\/types\/page"}],"author":[{"embeddable":true,"href":"https:\/\/editions-butterfly-jeunesse.fr\/index.php?rest_route=\/wp\/v2\/users\/1"}],"replies":[{"embeddable":true,"href":"https:\/\/editions-butterfly-jeunesse.fr\/index.php?rest_route=%2Fwp%2Fv2%2Fcomments&post=13"}],"version-history":[{"count":3,"href":"https:\/\/editions-butterfly-jeunesse.fr\/index.php?rest_route=\/wp\/v2\/pages\/13\/revisions"}],"predecessor-version":[{"id":42,"href":"https:\/\/editions-butterfly-jeunesse.fr\/index.php?rest_route=\/wp\/v2\/pages\/13\/revisions\/42"}],"wp:attachment":[{"href":"https:\/\/editions-butterfly-jeunesse.fr\/index.php?rest_route=%2Fwp%2Fv2%2Fmedia&parent=13"}],"curies":[{"name":"wp","href":"https:\/\/api.w.org\/{rel}","templated":true}]}}