{"id":7,"date":"2017-09-16T20:18:36","date_gmt":"2017-09-16T18:18:36","guid":{"rendered":"http:\/\/editions-butterfly-jeunesse.fr\/?page_id=7"},"modified":"2018-05-23T21:08:05","modified_gmt":"2018-05-23T19:08:05","slug":"acceuil","status":"publish","type":"page","link":"https:\/\/editions-butterfly-jeunesse.fr\/","title":{"rendered":"Acceuil"},"content":{"rendered":"<p style=\"text-align: center;\">Toute l&rsquo;\u00e9quipe de Butterfly Editions est tr\u00e8s heureuse de d\u00e9marrer une nouvelle aventure pour privil\u00e9gier le public jeunesse.<\/p>\n<p style=\"text-align: center;\">Amis auteurs, vous pouvez d\u00e9poser vos manuscrits !<\/p>\n<p>&nbsp;<\/p>\n<p><img loading=\"lazy\" decoding=\"async\" class=\" wp-image-8 aligncenter\" src=\"http:\/\/editions-butterfly-jeunesse.fr\/wp-content\/uploads\/2017\/09\/logo-300x154.jpg\" alt=\"\" width=\"561\" height=\"288\" srcset=\"https:\/\/editions-butterfly-jeunesse.fr\/wp-content\/uploads\/2017\/09\/logo-300x154.jpg 300w, https:\/\/editions-butterfly-jeunesse.fr\/wp-content\/uploads\/2017\/09\/logo-768x394.jpg 768w, https:\/\/editions-butterfly-jeunesse.fr\/wp-content\/uploads\/2017\/09\/logo.jpg 799w\" sizes=\"auto, (max-width: 561px) 100vw, 561px\" \/><\/p>\n","protected":false},"excerpt":{"rendered":"<p>Toute l&rsquo;\u00e9quipe de Butterfly Editions est tr\u00e8s heureuse de d\u00e9marrer une nouvelle aventure pour privil\u00e9gier le public jeunesse. Amis auteurs, vous pouvez d\u00e9poser vos manuscrits ! &nbsp;<\/p>\n","protected":false},"author":1,"featured_media":0,"parent":0,"menu_order":0,"comment_status":"closed","ping_status":"closed","template":"","meta":{"footnotes":""},"class_list":["post-7","page","type-page","status-publish","hentry"],"_links":{"self":[{"href":"https:\/\/editions-butterfly-jeunesse.fr\/index.php?rest_route=\/wp\/v2\/pages\/7","targetHints":{"allow":["GET"]}}],"collection":[{"href":"https:\/\/editions-butterfly-jeunesse.fr\/index.php?rest_route=\/wp\/v2\/pages"}],"about":[{"href":"https:\/\/editions-butterfly-jeunesse.fr\/index.php?rest_route=\/wp\/v2\/types\/page"}],"author":[{"embeddable":true,"href":"https:\/\/editions-butterfly-jeunesse.fr\/index.php?rest_route=\/wp\/v2\/users\/1"}],"replies":[{"embeddable":true,"href":"https:\/\/editions-butterfly-jeunesse.fr\/index.php?rest_route=%2Fwp%2Fv2%2Fcomments&post=7"}],"version-history":[{"count":2,"href":"https:\/\/editions-butterfly-jeunesse.fr\/index.php?rest_route=\/wp\/v2\/pages\/7\/revisions"}],"predecessor-version":[{"id":43,"href":"https:\/\/editions-butterfly-jeunesse.fr\/index.php?rest_route=\/wp\/v2\/pages\/7\/revisions\/43"}],"wp:attachment":[{"href":"https:\/\/editions-butterfly-jeunesse.fr\/index.php?rest_route=%2Fwp%2Fv2%2Fmedia&parent=7"}],"curies":[{"name":"wp","href":"https:\/\/api.w.org\/{rel}","templated":true}]}}